{"id":2852,"date":"2020-03-23T22:42:20","date_gmt":"2020-03-23T19:42:20","guid":{"rendered":"https:\/\/www.lensiscosmetic.com\/?page_id=2852"},"modified":"2020-03-29T12:17:50","modified_gmt":"2020-03-29T09:17:50","slug":"contact","status":"publish","type":"page","link":"https:\/\/lensiscosmetic.com\/en\/contact\/","title":{"rendered":"Contact"},"content":{"rendered":"[vc_row][vc_column width=&#8221;1\/2&#8243;][vc_column_text]\r\n<h3>Contact Form<\/h3>\r\n[\/vc_column_text][vc_column_text]\n<div class=\"wpcf7 no-js\" id=\"wpcf7-f2849-o1\" lang=\"tr-TR\" dir=\"ltr\" data-wpcf7-id=\"2849\">\n<div class=\"screen-reader-response\"><p role=\"status\" aria-live=\"polite\" aria-atomic=\"true\"><\/p> <ul><\/ul><\/div>\n<form action=\"\/en\/wp-json\/wp\/v2\/pages\/2852#wpcf7-f2849-o1\" method=\"post\" class=\"wpcf7-form init\" aria-label=\"\u0130leti\u015fim Formu\" novalidate=\"novalidate\" data-status=\"init\">\n<fieldset class=\"hidden-fields-container\"><input type=\"hidden\" name=\"_wpcf7\" value=\"2849\" \/><input type=\"hidden\" name=\"_wpcf7_version\" value=\"6.1.5\" \/><input type=\"hidden\" name=\"_wpcf7_locale\" value=\"tr_TR\" \/><input type=\"hidden\" name=\"_wpcf7_unit_tag\" value=\"wpcf7-f2849-o1\" \/><input type=\"hidden\" name=\"_wpcf7_container_post\" value=\"0\" \/><input type=\"hidden\" name=\"_wpcf7_posted_data_hash\" value=\"\" \/>\n<\/fieldset>\n<p><span class=\"wpcf7-form-control-wrap\" data-name=\"text-591\"><input size=\"40\" maxlength=\"400\" class=\"wpcf7-form-control wpcf7-text wpcf7-validates-as-required\" aria-required=\"true\" aria-invalid=\"false\" placeholder=\"Name-Surname*\" value=\"\" type=\"text\" name=\"text-591\" \/><\/span><br \/>\n<span class=\"wpcf7-form-control-wrap\" data-name=\"tel-829\"><input size=\"40\" maxlength=\"400\" class=\"wpcf7-form-control wpcf7-tel wpcf7-validates-as-required wpcf7-text wpcf7-validates-as-tel\" aria-required=\"true\" aria-invalid=\"false\" placeholder=\"Phone Number*\" value=\"\" type=\"tel\" name=\"tel-829\" \/><\/span><br \/>\n<span class=\"wpcf7-form-control-wrap\" data-name=\"email-237\"><input size=\"40\" maxlength=\"400\" class=\"wpcf7-form-control wpcf7-email wpcf7-validates-as-required wpcf7-text wpcf7-validates-as-email\" aria-required=\"true\" aria-invalid=\"false\" placeholder=\"E-mail*\" value=\"\" type=\"email\" name=\"email-237\" \/><\/span><br \/>\n<span class=\"wpcf7-form-control-wrap\" data-name=\"menu-393\"><select class=\"wpcf7-form-control wpcf7-select wpcf7-validates-as-required\" aria-required=\"true\" aria-invalid=\"false\" name=\"menu-393\"><option value=\"Subject*\">Subject*<\/option><option value=\"Wholesale\">Wholesale<\/option><option value=\"Logistics\">Logistics<\/option><option value=\"Distributors\">Distributors<\/option><option value=\"Other\">Other<\/option><\/select><\/span><br \/>\n<span class=\"wpcf7-form-control-wrap\" data-name=\"textarea-539\"><textarea cols=\"40\" rows=\"10\" maxlength=\"2000\" class=\"wpcf7-form-control wpcf7-textarea wpcf7-validates-as-required\" aria-required=\"true\" aria-invalid=\"false\" placeholder=\"Message*\" name=\"textarea-539\"><\/textarea><\/span>\n<\/p>\n<p><input class=\"wpcf7-form-control wpcf7-submit has-spinner\" type=\"submit\" value=\"Submit\" \/>\n<\/p><div class=\"wpcf7-response-output\" aria-hidden=\"true\"><\/div>\n<\/form>\n<\/div>\n[\/vc_column_text][\/vc_column][vc_column width=&#8221;1\/2&#8243;][vc_column_text]\r\n<h3>Contact Informations<\/h3>\r\n[\/vc_column_text][vc_separator align=&#8221;align_left&#8221;]<div class=\"list_item lists_2 clearfix\"><div class=\"list_left list_icon\"><i class=\"icon-location\"><\/i><\/div><div class=\"list_right\"><h4>Address<\/h4><div class=\"desc\">Mahmutbey Mah. Ta\u015foca\u011f\u0131 Yolu Cd. A\u011fao\u011flu 212 My Office B Blok Kat: 11 No: 187 Ba\u011fc\u0131lar, \u0130stanbul \/ TURKEY<\/div><\/div><\/div>\n<div class=\"list_item lists_2 clearfix\"><div class=\"list_left list_icon\"><i class=\"icon-phone\"><\/i><\/div><div class=\"list_right\"><h4>Phone<\/h4><div class=\"desc\">+90 212 801 48 81<\/div><\/div><\/div>\n<div class=\"list_item lists_2 clearfix\"><div class=\"list_left list_icon\"><i class=\"icon-mail\"><\/i><\/div><div class=\"list_right\"><h4>E-Mail<\/h4><div class=\"desc\">info@lensiscosmetic.com<\/div><\/div><\/div>\n[\/vc_column][\/vc_row][vc_row][vc_column][vc_column_text]<iframe loading=\"lazy\" style=\"border: 0;\" tabindex=\"0\" src=\"https:\/\/www.google.com\/maps\/embed?pb=!1m14!1m8!1m3!1d3009.007914994479!2d28.809966999999997!3d41.046956!3m2!1i1024!2i768!4f13.1!3m3!1m2!1s0x0%3A0xada3018824e97e96!2sMy%20Office%20A%C4%9Fao%C4%9Flu%20212!5e0!3m2!1str!2str!4v1584994651299!5m2!1str!2str\" width=\"100%\" height=\"450\" frameborder=\"0\" allowfullscreen=\"allowfullscreen\" aria-hidden=\"false\"><\/iframe>[\/vc_column_text][\/vc_column][\/vc_row]","protected":false},"excerpt":{"rendered":"<p>[vc_row][vc_column width=&#8221;1\/2&#8243;][vc_column_text] Contact Form [\/vc_column_text][vc_column_text][\/vc_column_text][\/vc_column][vc_column width=&#8221;1\/2&#8243;][vc_column_text] Contact Informations [\/vc_column_text][vc_separator align=&#8221;align_left&#8221;][\/vc_column][\/vc_row][vc_row][vc_column][vc_column_text][\/vc_column_text][\/vc_column][\/vc_row]<\/p>\n","protected":false},"author":1,"featured_media":0,"parent":0,"menu_order":0,"comment_status":"closed","ping_status":"closed","template":"","meta":{"_joinchat":[],"footnotes":""},"class_list":["post-2852","page","type-page","status-publish","hentry"],"yoast_head":"<!-- This site is optimized with the Yoast SEO plugin v27.0 - https:\/\/yoast.com\/product\/yoast-seo-wordpress\/ -->\n<title>Contact | Lensis Cosmetic<\/title>\n<meta name=\"description\" content=\"Lensis Kozmetik ve D\u0131\u015f Ticaret \u015eirketi, which started its operations in 2003 in Central Istanbul, has achieved real success and perfection within...\" \/>\n<meta name=\"robots\" content=\"index, follow, max-snippet:-1, max-image-preview:large, max-video-preview:-1\" \/>\n<link rel=\"canonical\" href=\"https:\/\/lensiscosmetic.com\/en\/contact\/\" \/>\n<meta property=\"og:locale\" content=\"en_US\" \/>\n<meta property=\"og:type\" content=\"article\" \/>\n<meta property=\"og:title\" content=\"Contact | Lensis Cosmetic\" \/>\n<meta property=\"og:description\" content=\"Lensis Kozmetik ve D\u0131\u015f Ticaret \u015eirketi, which started its operations in 2003 in Central Istanbul, has achieved real success and perfection within...\" \/>\n<meta property=\"og:url\" content=\"https:\/\/lensiscosmetic.com\/en\/contact\/\" \/>\n<meta property=\"og:site_name\" content=\"Lensis Cosmetic\" \/>\n<meta property=\"article:modified_time\" content=\"2020-03-29T09:17:50+00:00\" \/>\n<meta name=\"twitter:card\" content=\"summary_large_image\" \/>\n<meta name=\"twitter:label1\" content=\"Est. reading time\" \/>\n\t<meta name=\"twitter:data1\" content=\"1 minute\" \/>\n<script type=\"application\/ld+json\" class=\"yoast-schema-graph\">{\"@context\":\"https:\/\/schema.org\",\"@graph\":[{\"@type\":\"WebPage\",\"@id\":\"https:\/\/lensiscosmetic.com\/en\/contact\/\",\"url\":\"https:\/\/lensiscosmetic.com\/en\/contact\/\",\"name\":\"Contact | Lensis Cosmetic\",\"isPartOf\":{\"@id\":\"https:\/\/lensiscosmetic.com\/en\/#website\"},\"datePublished\":\"2020-03-23T19:42:20+00:00\",\"dateModified\":\"2020-03-29T09:17:50+00:00\",\"description\":\"Lensis Kozmetik ve D\u0131\u015f Ticaret \u015eirketi, which started its operations in 2003 in Central Istanbul, has achieved real success and perfection within...\",\"breadcrumb\":{\"@id\":\"https:\/\/lensiscosmetic.com\/en\/contact\/#breadcrumb\"},\"inLanguage\":\"en-US\",\"potentialAction\":[{\"@type\":\"ReadAction\",\"target\":[\"https:\/\/lensiscosmetic.com\/en\/contact\/\"]}]},{\"@type\":\"BreadcrumbList\",\"@id\":\"https:\/\/lensiscosmetic.com\/en\/contact\/#breadcrumb\",\"itemListElement\":[{\"@type\":\"ListItem\",\"position\":1,\"name\":\"Ana sayfa\",\"item\":\"https:\/\/lensiscosmetic.com\/en\/\"},{\"@type\":\"ListItem\",\"position\":2,\"name\":\"Contact\"}]},{\"@type\":\"WebSite\",\"@id\":\"https:\/\/lensiscosmetic.com\/en\/#website\",\"url\":\"https:\/\/lensiscosmetic.com\/en\/\",\"name\":\"Lensis Cosmetic\",\"description\":\"\",\"potentialAction\":[{\"@type\":\"SearchAction\",\"target\":{\"@type\":\"EntryPoint\",\"urlTemplate\":\"https:\/\/lensiscosmetic.com\/en\/?s={search_term_string}\"},\"query-input\":{\"@type\":\"PropertyValueSpecification\",\"valueRequired\":true,\"valueName\":\"search_term_string\"}}],\"inLanguage\":\"en-US\"}]}<\/script>\n<!-- \/ Yoast SEO plugin. -->","yoast_head_json":{"title":"Contact | Lensis Cosmetic","description":"Lensis Kozmetik ve D\u0131\u015f Ticaret \u015eirketi, which started its operations in 2003 in Central Istanbul, has achieved real success and perfection within...","robots":{"index":"index","follow":"follow","max-snippet":"max-snippet:-1","max-image-preview":"max-image-preview:large","max-video-preview":"max-video-preview:-1"},"canonical":"https:\/\/lensiscosmetic.com\/en\/contact\/","og_locale":"en_US","og_type":"article","og_title":"Contact | Lensis Cosmetic","og_description":"Lensis Kozmetik ve D\u0131\u015f Ticaret \u015eirketi, which started its operations in 2003 in Central Istanbul, has achieved real success and perfection within...","og_url":"https:\/\/lensiscosmetic.com\/en\/contact\/","og_site_name":"Lensis Cosmetic","article_modified_time":"2020-03-29T09:17:50+00:00","twitter_card":"summary_large_image","twitter_misc":{"Est. reading time":"1 minute"},"schema":{"@context":"https:\/\/schema.org","@graph":[{"@type":"WebPage","@id":"https:\/\/lensiscosmetic.com\/en\/contact\/","url":"https:\/\/lensiscosmetic.com\/en\/contact\/","name":"Contact | Lensis Cosmetic","isPartOf":{"@id":"https:\/\/lensiscosmetic.com\/en\/#website"},"datePublished":"2020-03-23T19:42:20+00:00","dateModified":"2020-03-29T09:17:50+00:00","description":"Lensis Kozmetik ve D\u0131\u015f Ticaret \u015eirketi, which started its operations in 2003 in Central Istanbul, has achieved real success and perfection within...","breadcrumb":{"@id":"https:\/\/lensiscosmetic.com\/en\/contact\/#breadcrumb"},"inLanguage":"en-US","potentialAction":[{"@type":"ReadAction","target":["https:\/\/lensiscosmetic.com\/en\/contact\/"]}]},{"@type":"BreadcrumbList","@id":"https:\/\/lensiscosmetic.com\/en\/contact\/#breadcrumb","itemListElement":[{"@type":"ListItem","position":1,"name":"Ana sayfa","item":"https:\/\/lensiscosmetic.com\/en\/"},{"@type":"ListItem","position":2,"name":"Contact"}]},{"@type":"WebSite","@id":"https:\/\/lensiscosmetic.com\/en\/#website","url":"https:\/\/lensiscosmetic.com\/en\/","name":"Lensis Cosmetic","description":"","potentialAction":[{"@type":"SearchAction","target":{"@type":"EntryPoint","urlTemplate":"https:\/\/lensiscosmetic.com\/en\/?s={search_term_string}"},"query-input":{"@type":"PropertyValueSpecification","valueRequired":true,"valueName":"search_term_string"}}],"inLanguage":"en-US"}]}},"_links":{"self":[{"href":"https:\/\/lensiscosmetic.com\/en\/wp-json\/wp\/v2\/pages\/2852","targetHints":{"allow":["GET"]}}],"collection":[{"href":"https:\/\/lensiscosmetic.com\/en\/wp-json\/wp\/v2\/pages"}],"about":[{"href":"https:\/\/lensiscosmetic.com\/en\/wp-json\/wp\/v2\/types\/page"}],"author":[{"embeddable":true,"href":"https:\/\/lensiscosmetic.com\/en\/wp-json\/wp\/v2\/users\/1"}],"replies":[{"embeddable":true,"href":"https:\/\/lensiscosmetic.com\/en\/wp-json\/wp\/v2\/comments?post=2852"}],"version-history":[{"count":20,"href":"https:\/\/lensiscosmetic.com\/en\/wp-json\/wp\/v2\/pages\/2852\/revisions"}],"predecessor-version":[{"id":3014,"href":"https:\/\/lensiscosmetic.com\/en\/wp-json\/wp\/v2\/pages\/2852\/revisions\/3014"}],"wp:attachment":[{"href":"https:\/\/lensiscosmetic.com\/en\/wp-json\/wp\/v2\/media?parent=2852"}],"curies":[{"name":"wp","href":"https:\/\/api.w.org\/{rel}","templated":true}]}}