{"id":178,"date":"2019-12-13T22:55:26","date_gmt":"2019-12-13T19:55:26","guid":{"rendered":"http:\/\/lensis.caglardinc.com\/?page_id=178"},"modified":"2020-03-29T12:18:59","modified_gmt":"2020-03-29T09:18:59","slug":"distributorship","status":"publish","type":"page","link":"https:\/\/lensiscosmetic.com\/en\/distributorship\/","title":{"rendered":"Distrubutorship"},"content":{"rendered":"[vc_row][vc_column][vc_empty_space][vc_custom_heading text=&#8221;DISTRIBUTORS&#8221; font_container=&#8221;tag:h3|text_align:center&#8221; use_theme_fonts=&#8221;yes&#8221;][vc_row_inner][vc_column_inner width=&#8221;1\/2&#8243;][vc_column_text]\r\n<p style=\"text-align: justify;\">Lensis, which has a continuous and quantitative product stock through exclusive and non-exclusive agreements with international manufacturers, has adopted the principle of meeting its customers&#8217; needs on time at the most affordable prices.<\/p>\r\n<p style=\"text-align: justify;\">As a reliable and well-known brand, Lensis Kozmetik ve D\u0131\u015f Ticaret \u015eirketi is constantly working to develop its distributorship network and provide services to its customers in a wider portfolio.<\/p>\r\n[\/vc_column_text][\/vc_column_inner][vc_column_inner width=&#8221;1\/2&#8243;][vc_column_text]\r\n<p style=\"text-align: justify;\">We strive to develop better service, better quality and qualified products, more affordable prices, more devoted collaborations and advanced-sized joint projects for every sector we operate in every new day.<\/p>\r\n[\/vc_column_text][\/vc_column_inner][\/vc_row_inner][\/vc_column][\/vc_row][vc_row][vc_column][vc_single_image image=&#8221;2917&#8243; img_size=&#8221;full&#8221; alignment=&#8221;center&#8221;][\/vc_column][\/vc_row]","protected":false},"excerpt":{"rendered":"<p>[vc_row][vc_column][vc_empty_space][vc_custom_heading text=&#8221;DISTRIBUTORS&#8221; font_container=&#8221;tag:h3|text_align:center&#8221; use_theme_fonts=&#8221;yes&#8221;][vc_row_inner][vc_column_inner width=&#8221;1\/2&#8243;][vc_column_text] Lensis, which has a continuous and quantitative product stock through exclusive and non-exclusive agreements with international manufacturers, has adopted the principle<span class=\"excerpt-hellip\"> [\u2026]<\/span><\/p>\n","protected":false},"author":1,"featured_media":0,"parent":0,"menu_order":0,"comment_status":"closed","ping_status":"closed","template":"","meta":{"_joinchat":[],"footnotes":""},"class_list":["post-178","page","type-page","status-publish","hentry"],"yoast_head":"<!-- This site is optimized with the Yoast SEO plugin v27.0 - https:\/\/yoast.com\/product\/yoast-seo-wordpress\/ -->\n<title>Distributors | Lensis Cosmetic<\/title>\n<meta name=\"description\" content=\"Lensis, which has a continuous and quantitative product stock through exclusive and non-exclusive agreements with international manufacturers...\" \/>\n<meta name=\"robots\" content=\"index, follow, max-snippet:-1, max-image-preview:large, max-video-preview:-1\" \/>\n<link rel=\"canonical\" href=\"https:\/\/lensiscosmetic.com\/en\/distributorship\/\" \/>\n<meta property=\"og:locale\" content=\"en_US\" \/>\n<meta property=\"og:type\" content=\"article\" \/>\n<meta property=\"og:title\" content=\"Distributors | Lensis Cosmetic\" \/>\n<meta property=\"og:description\" content=\"Lensis, which has a continuous and quantitative product stock through exclusive and non-exclusive agreements with international manufacturers...\" \/>\n<meta property=\"og:url\" content=\"https:\/\/lensiscosmetic.com\/en\/distributorship\/\" \/>\n<meta property=\"og:site_name\" content=\"Lensis Cosmetic\" \/>\n<meta property=\"article:modified_time\" content=\"2020-03-29T09:18:59+00:00\" \/>\n<meta name=\"twitter:card\" content=\"summary_large_image\" \/>\n<meta name=\"twitter:label1\" content=\"Est. reading time\" \/>\n\t<meta name=\"twitter:data1\" content=\"1 minute\" \/>\n<script type=\"application\/ld+json\" class=\"yoast-schema-graph\">{\"@context\":\"https:\/\/schema.org\",\"@graph\":[{\"@type\":\"WebPage\",\"@id\":\"https:\/\/lensiscosmetic.com\/en\/distributorship\/\",\"url\":\"https:\/\/lensiscosmetic.com\/en\/distributorship\/\",\"name\":\"Distributors | Lensis Cosmetic\",\"isPartOf\":{\"@id\":\"https:\/\/lensiscosmetic.com\/en\/#website\"},\"datePublished\":\"2019-12-13T19:55:26+00:00\",\"dateModified\":\"2020-03-29T09:18:59+00:00\",\"description\":\"Lensis, which has a continuous and quantitative product stock through exclusive and non-exclusive agreements with international manufacturers...\",\"breadcrumb\":{\"@id\":\"https:\/\/lensiscosmetic.com\/en\/distributorship\/#breadcrumb\"},\"inLanguage\":\"en-US\",\"potentialAction\":[{\"@type\":\"ReadAction\",\"target\":[\"https:\/\/lensiscosmetic.com\/en\/distributorship\/\"]}]},{\"@type\":\"BreadcrumbList\",\"@id\":\"https:\/\/lensiscosmetic.com\/en\/distributorship\/#breadcrumb\",\"itemListElement\":[{\"@type\":\"ListItem\",\"position\":1,\"name\":\"Ana sayfa\",\"item\":\"https:\/\/lensiscosmetic.com\/en\/\"},{\"@type\":\"ListItem\",\"position\":2,\"name\":\"Distrubutorship\"}]},{\"@type\":\"WebSite\",\"@id\":\"https:\/\/lensiscosmetic.com\/en\/#website\",\"url\":\"https:\/\/lensiscosmetic.com\/en\/\",\"name\":\"Lensis Cosmetic\",\"description\":\"\",\"potentialAction\":[{\"@type\":\"SearchAction\",\"target\":{\"@type\":\"EntryPoint\",\"urlTemplate\":\"https:\/\/lensiscosmetic.com\/en\/?s={search_term_string}\"},\"query-input\":{\"@type\":\"PropertyValueSpecification\",\"valueRequired\":true,\"valueName\":\"search_term_string\"}}],\"inLanguage\":\"en-US\"}]}<\/script>\n<!-- \/ Yoast SEO plugin. -->","yoast_head_json":{"title":"Distributors | Lensis Cosmetic","description":"Lensis, which has a continuous and quantitative product stock through exclusive and non-exclusive agreements with international manufacturers...","robots":{"index":"index","follow":"follow","max-snippet":"max-snippet:-1","max-image-preview":"max-image-preview:large","max-video-preview":"max-video-preview:-1"},"canonical":"https:\/\/lensiscosmetic.com\/en\/distributorship\/","og_locale":"en_US","og_type":"article","og_title":"Distributors | Lensis Cosmetic","og_description":"Lensis, which has a continuous and quantitative product stock through exclusive and non-exclusive agreements with international manufacturers...","og_url":"https:\/\/lensiscosmetic.com\/en\/distributorship\/","og_site_name":"Lensis Cosmetic","article_modified_time":"2020-03-29T09:18:59+00:00","twitter_card":"summary_large_image","twitter_misc":{"Est. reading time":"1 minute"},"schema":{"@context":"https:\/\/schema.org","@graph":[{"@type":"WebPage","@id":"https:\/\/lensiscosmetic.com\/en\/distributorship\/","url":"https:\/\/lensiscosmetic.com\/en\/distributorship\/","name":"Distributors | Lensis Cosmetic","isPartOf":{"@id":"https:\/\/lensiscosmetic.com\/en\/#website"},"datePublished":"2019-12-13T19:55:26+00:00","dateModified":"2020-03-29T09:18:59+00:00","description":"Lensis, which has a continuous and quantitative product stock through exclusive and non-exclusive agreements with international manufacturers...","breadcrumb":{"@id":"https:\/\/lensiscosmetic.com\/en\/distributorship\/#breadcrumb"},"inLanguage":"en-US","potentialAction":[{"@type":"ReadAction","target":["https:\/\/lensiscosmetic.com\/en\/distributorship\/"]}]},{"@type":"BreadcrumbList","@id":"https:\/\/lensiscosmetic.com\/en\/distributorship\/#breadcrumb","itemListElement":[{"@type":"ListItem","position":1,"name":"Ana sayfa","item":"https:\/\/lensiscosmetic.com\/en\/"},{"@type":"ListItem","position":2,"name":"Distrubutorship"}]},{"@type":"WebSite","@id":"https:\/\/lensiscosmetic.com\/en\/#website","url":"https:\/\/lensiscosmetic.com\/en\/","name":"Lensis Cosmetic","description":"","potentialAction":[{"@type":"SearchAction","target":{"@type":"EntryPoint","urlTemplate":"https:\/\/lensiscosmetic.com\/en\/?s={search_term_string}"},"query-input":{"@type":"PropertyValueSpecification","valueRequired":true,"valueName":"search_term_string"}}],"inLanguage":"en-US"}]}},"_links":{"self":[{"href":"https:\/\/lensiscosmetic.com\/en\/wp-json\/wp\/v2\/pages\/178","targetHints":{"allow":["GET"]}}],"collection":[{"href":"https:\/\/lensiscosmetic.com\/en\/wp-json\/wp\/v2\/pages"}],"about":[{"href":"https:\/\/lensiscosmetic.com\/en\/wp-json\/wp\/v2\/types\/page"}],"author":[{"embeddable":true,"href":"https:\/\/lensiscosmetic.com\/en\/wp-json\/wp\/v2\/users\/1"}],"replies":[{"embeddable":true,"href":"https:\/\/lensiscosmetic.com\/en\/wp-json\/wp\/v2\/comments?post=178"}],"version-history":[{"count":11,"href":"https:\/\/lensiscosmetic.com\/en\/wp-json\/wp\/v2\/pages\/178\/revisions"}],"predecessor-version":[{"id":3011,"href":"https:\/\/lensiscosmetic.com\/en\/wp-json\/wp\/v2\/pages\/178\/revisions\/3011"}],"wp:attachment":[{"href":"https:\/\/lensiscosmetic.com\/en\/wp-json\/wp\/v2\/media?parent=178"}],"curies":[{"name":"wp","href":"https:\/\/api.w.org\/{rel}","templated":true}]}}